{"id":66,"date":"2026-04-18T19:13:41","date_gmt":"2026-04-18T17:13:41","guid":{"rendered":"http:\/\/dorine-germain-avocat.fr\/?page_id=66"},"modified":"2026-04-18T19:21:39","modified_gmt":"2026-04-18T17:21:39","slug":"droit-penal","status":"publish","type":"page","link":"http:\/\/dorine-germain-avocat.fr\/index.php\/droit-penal\/","title":{"rendered":"Droit p\u00e9nal"},"content":{"rendered":"\n<p>Le droit p\u00e9nal r\u00e9git les infractions commises \u00e0 l&rsquo;encontre des personnes, des biens ou de la soci\u00e9t\u00e9, et d\u00e9termine les sanctions applicables. Il encadre les relations entre l&rsquo;individu et l&rsquo;\u00c9tat dans les situations les plus graves, o\u00f9 la libert\u00e9 et l&rsquo;honneur sont en jeu. Qu&rsquo;il s&rsquo;agisse de d\u00e9fendre une personne mise en cause ou d&rsquo;accompagner une victime dans la reconnaissance de son pr\u00e9judice, l&rsquo;intervention d&rsquo;un avocat p\u00e9naliste est indispensable pour garantir le respect des droits de chacun.<\/p>\n\n\n\n<hr class=\"wp-block-separator has-alpha-channel-opacity\"\/>\n\n\n\n<h2 class=\"wp-block-heading\">Les principales infractions<\/h2>\n\n\n\n<p>Le droit p\u00e9nal distingue trois cat\u00e9gories d&rsquo;infractions selon leur gravit\u00e9 :<\/p>\n\n\n\n<p><strong>Les contraventions<\/strong> constituent les infractions les moins graves, jug\u00e9es devant le tribunal de police.<\/p>\n\n\n\n<p><strong>Les d\u00e9lits<\/strong> regroupent un large spectre d&rsquo;infractions \u2014 violences, vols, escroqueries, infractions routi\u00e8res, infractions en mati\u00e8re de stup\u00e9fiants, harc\u00e8lement, abus de confiance \u2014 et sont jug\u00e9s devant le tribunal correctionnel.<\/p>\n\n\n\n<p><strong>Les crimes<\/strong>, infractions les plus graves \u2014 meurtres, viols, actes de barbarie \u2014 rel\u00e8vent de la comp\u00e9tence de la cour d&rsquo;assises.<\/p>\n\n\n\n<hr class=\"wp-block-separator has-alpha-channel-opacity\"\/>\n\n\n\n<h2 class=\"wp-block-heading\">Les principales proc\u00e9dures<\/h2>\n\n\n\n<p><strong>La garde \u00e0 vue<\/strong> &#8211; Mesure privative de libert\u00e9 d\u00e9cid\u00e9e par les forces de l&rsquo;ordre dans le cadre d&rsquo;une enqu\u00eate, la garde \u00e0 vue peut durer jusqu&rsquo;\u00e0 48 heures, voire davantage dans certaines circonstances. L&rsquo;assistance d&rsquo;un avocat d\u00e8s le d\u00e9but de la mesure est un droit fondamental \u2014 il est vivement recommand\u00e9 d&rsquo;en faire usage sans attendre.<\/p>\n\n\n\n<p><strong>L&rsquo;instruction<\/strong> &#8211; Dans les affaires complexes, un juge d&rsquo;instruction est saisi pour mener les investigations n\u00e9cessaires. Cette phase peut durer plusieurs mois, voire plusieurs ann\u00e9es. La personne mise en examen b\u00e9n\u00e9ficie de droits pr\u00e9cis, notamment celui d&rsquo;\u00eatre assist\u00e9e par un avocat \u00e0 chaque acte de proc\u00e9dure.<\/p>\n\n\n\n<p><strong>Le jugement<\/strong>  &#8211; \u00c0 l&rsquo;issue de l&rsquo;instruction ou de l&rsquo;enqu\u00eate, l&rsquo;affaire est renvoy\u00e9e devant la juridiction comp\u00e9tente. L&rsquo;audience est le moment o\u00f9 les arguments de la d\u00e9fense sont pr\u00e9sent\u00e9s, les preuves discut\u00e9es et la culpabilit\u00e9 ou l&rsquo;innocence tranch\u00e9e.<\/p>\n\n\n\n<p><strong>Les voies de recours<\/strong> &#8211; Toute d\u00e9cision p\u00e9nale peut faire l&rsquo;objet d&rsquo;un appel devant la cour d&rsquo;appel, puis d&rsquo;un pourvoi en cassation. Ces recours permettent de contester une d\u00e9cision jug\u00e9e injuste ou entach\u00e9e d&rsquo;irr\u00e9gularit\u00e9s.<\/p>\n\n\n\n<hr class=\"wp-block-separator has-alpha-channel-opacity\"\/>\n\n\n\n<h2 class=\"wp-block-heading\">L&rsquo;accompagnement propos\u00e9<\/h2>\n\n\n\n<p>La mati\u00e8re p\u00e9nale exige une r\u00e9activit\u00e9 imm\u00e9diate et une ma\u00eetrise parfaite des r\u00e8gles de proc\u00e9dure. Intervenant tant en d\u00e9fense qu&rsquo;en repr\u00e9sentation des victimes, mon r\u00f4le est d&rsquo;assurer une pr\u00e9sence constante \u00e0 chaque \u00e9tape de la proc\u00e9dure.<\/p>\n\n\n\n<p><strong>En d\u00e9fense<\/strong>, l&rsquo;accompagnement couvre l&rsquo;assistance d\u00e8s la garde \u00e0 vue, le suivi de l&rsquo;instruction, la pr\u00e9paration \u00e0 l&rsquo;audience, la plaidoirie et si n\u00e9cessaire l&rsquo;exercice des voies de recours. Chaque dossier est \u00e9tudi\u00e9 avec rigueur pour construire une strat\u00e9gie de d\u00e9fense solide, adapt\u00e9e aux faits et aux enjeux.<\/p>\n\n\n\n<p><strong>En tant que partie civile<\/strong>, les victimes d&rsquo;infractions p\u00e9nales ont le droit d&rsquo;obtenir r\u00e9paration du pr\u00e9judice subi. Accompagner une victime, c&rsquo;est l&rsquo;aider \u00e0 faire valoir ses droits tout au long de la proc\u00e9dure, \u00e0 se constituer partie civile et \u00e0 obtenir une indemnisation \u00e0 la hauteur du pr\u00e9judice subi.<\/p>\n\n\n\n<hr class=\"wp-block-separator has-alpha-channel-opacity\"\/>\n\n\n\n<p><em>Pour toute question relative \u00e0 une situation p\u00e9nale, il est conseill\u00e9 de consulter sans d\u00e9lai afin de pr\u00e9server vos droits d\u00e8s les premi\u00e8res heures de la proc\u00e9dure.<\/em><\/p>\n\n\n\n<div style=\"height:60px\" aria-hidden=\"true\" class=\"wp-block-spacer\"><\/div>\n\n\n\n<p class=\"has-text-align-center has-base-color has-mono-2-background-color has-text-color has-background has-link-color wp-elements-bdac27fa863772c3f563d153438dd759\" style=\"border-top-left-radius:100px;border-top-right-radius:100px;border-bottom-left-radius:100px;border-bottom-right-radius:100px\"><strong><a href=\"http:\/\/dorine-germain-avocat.fr\/index.php\/contact\/\" data-type=\"page\" data-id=\"32\">Prendre rendez-vous<\/a><\/strong><\/p>\n","protected":false},"excerpt":{"rendered":"<p>Le droit p\u00e9nal r\u00e9git les infractions commises \u00e0 l&rsquo;encontre des personnes, des biens ou de la soci\u00e9t\u00e9, et d\u00e9termine les sanctions applicables. Il encadre les relations entre l&rsquo;individu et l&rsquo;\u00c9tat dans les situations les plus graves, o\u00f9 la libert\u00e9 et l&rsquo;honneur sont en jeu. Qu&rsquo;il s&rsquo;agisse de d\u00e9fendre une personne mise en cause ou d&rsquo;accompagner [&hellip;]<\/p>\n","protected":false},"author":1,"featured_media":0,"parent":0,"menu_order":0,"comment_status":"closed","ping_status":"closed","template":"","meta":{"footnotes":""},"class_list":["post-66","page","type-page","status-publish","hentry"],"_links":{"self":[{"href":"http:\/\/dorine-germain-avocat.fr\/index.php\/wp-json\/wp\/v2\/pages\/66","targetHints":{"allow":["GET"]}}],"collection":[{"href":"http:\/\/dorine-germain-avocat.fr\/index.php\/wp-json\/wp\/v2\/pages"}],"about":[{"href":"http:\/\/dorine-germain-avocat.fr\/index.php\/wp-json\/wp\/v2\/types\/page"}],"author":[{"embeddable":true,"href":"http:\/\/dorine-germain-avocat.fr\/index.php\/wp-json\/wp\/v2\/users\/1"}],"replies":[{"embeddable":true,"href":"http:\/\/dorine-germain-avocat.fr\/index.php\/wp-json\/wp\/v2\/comments?post=66"}],"version-history":[{"count":5,"href":"http:\/\/dorine-germain-avocat.fr\/index.php\/wp-json\/wp\/v2\/pages\/66\/revisions"}],"predecessor-version":[{"id":72,"href":"http:\/\/dorine-germain-avocat.fr\/index.php\/wp-json\/wp\/v2\/pages\/66\/revisions\/72"}],"wp:attachment":[{"href":"http:\/\/dorine-germain-avocat.fr\/index.php\/wp-json\/wp\/v2\/media?parent=66"}],"curies":[{"name":"wp","href":"https:\/\/api.w.org\/{rel}","templated":true}]}}